{"id":5376,"date":"2016-07-29T12:11:55","date_gmt":"2016-07-29T10:11:55","guid":{"rendered":"https:\/\/www.monpays.it\/pagina-di-esempio\/"},"modified":"2019-12-19T13:39:34","modified_gmt":"2019-12-19T12:39:34","slug":"pagina-di-esempio","status":"publish","type":"page","link":"https:\/\/www.monpays.it\/de\/","title":{"rendered":"Hotel Mon Pays, 3 Sterne in Riccione Zentrum"},"content":{"rendered":"<p>Kontakt jetzt Raffaella und Daniela sind erfreut \u00fcber die <a href=\"https:\/\/www.monpays.it\/de\/hotel\/\"><strong>Pozzi Familie<\/strong><\/a>, die das Hotel mit gro\u00dfer Leidenschaft gef\u00fchrt seit 1965:<\/p>\n<dl>\n<dt>Beneidenswerte Lage<\/dt>\n<dd>In der Mitte und in der N\u00e4he des Meeres, der Mon Pays ist nur zwei Gehminuten vom privaten Strand und super ausgestattet. Shopping, lokale Dienstleistungen, Restaurants: Dar\u00fcber hinaus ist es mit Blick auf Viale Dante entfernt.<\/dd>\n<dt>R\u00e4ume f\u00fcr Tr\u00e4ume von Gold<\/dt>\n<dd>W\u00e4hlen Sie aus drei Arten von Zimmer sind ger\u00e4umig, hell und gem\u00fctlich. <strong>NEUE:\u00a0<span id=\"result_box\" class=\"short_text\" lang=\"de\"><span class=\"\">Komfortable Sommier Betten mit neuen anatomischen Matratzen<\/span><\/span><\/strong><\/dd>\n<dt>Lassen Sie Ihr Auto, nehmen Sie Ihr Fahrrad<\/dt>\n<dd>Auf Wunsch haben Sie eine eingez\u00e4unt Parkplatz. Zus\u00e4tzlich zu Ihrer Verf\u00fcgung, Fahrr\u00e4der f\u00fcr Ausfl\u00fcge in Riccione haben Sie.<\/dd>\n<dt>Frische Zutaten in der K\u00fcche<\/dt>\n<dd>Die K\u00fcche ist traditionell und echt, immer hausgemacht. Der Koch, der wirklich lokale K\u00fcche und frische Zutaten, Halbfabrikate nien genie\u00dfen \u2026 hier ist alles wahr und in der Tat pro Tag! Bei jeder Mahlzeit sind die hausgemachten Desserts, die t\u00e4glich frisch zubereitet werden.<\/dd>\n<dt>K\u00f6nigliches Fr\u00fchst\u00fcck<\/dt>\n<dd>Fr\u00fchst\u00fccken Sie mit einem reichhaltigen <a href=\"https:\/\/www.monpays.it\/de\/fruhstuck\/\"><strong>Buffet<\/strong><\/a> mit Kuchen, Donuts, Kekse alle hausgemacht. Es wird fantastisch, aufzuwachen mit dem Geschmack von einem St\u00fcck Kuchen durch die geschickten H\u00e4nde der K\u00f6chin der Romagna gemacht!<\/dd>\n<dt>Goldenen Strand<\/dt>\n<dd>Der private Strand ist in der N\u00e4he und super ausgestattet. Lernen Sie Otello, der Bademeister dei Bagni Rina 99 wissen, das freundliche Strand von Mon Pays<\/dd>\n<dt>Kinder alles Spa\u00df<\/dt>\n<dd>Ihre <a href=\"https:\/\/www.monpays.it\/de\/familie\/\"><strong>Kinder sind die Protagonisten<\/strong><\/a>: spezielle Men\u00fcs, Sicherheit und Unterhaltung. Zubeh\u00f6r zum Essen, zum Schlafen und Erm\u00e4\u00dfigungen f\u00fcr Vergn\u00fcgungsparks Aquafan und Oltremare.<\/dd>\n<dt>Bleiben Sie in Verbindung Wi-Fi<\/dt>\n<dd>Die Mon Pays bleibt auf dem Laufenden mit dem kostenlosen Wi-Fi.<\/dd>\n<\/dl>\n","protected":false},"excerpt":{"rendered":"<p>Kontakt jetzt Raffaella und Daniela sind erfreut \u00fcber die Pozzi Familie, die das Hotel mit gro\u00dfer Leidenschaft gef\u00fchrt seit 1965: Beneidenswerte Lage In der Mitte und in der N\u00e4he des Meeres, der Mon Pays ist nur zwei Gehminuten vom privaten Strand und super ausgestattet. Shopping, lokale Dienstleistungen, Restaurants: Dar\u00fcber hinaus ist es mit Blick auf Viale Dante entfernt. R\u00e4ume f\u00fcr Tr\u00e4ume von Gold W\u00e4hlen Sie aus drei Arten von Zimmer &#8230;<\/p>\n","protected":false},"author":1,"featured_media":0,"parent":0,"menu_order":65,"comment_status":"closed","ping_status":"open","template":"","meta":{"_acf_changed":false},"class_list":["post-5376","page","type-page","status-publish","hentry"],"acf":[],"_links":{"self":[{"href":"https:\/\/www.monpays.it\/de\/wp-json\/wp\/v2\/pages\/5376","targetHints":{"allow":["GET"]}}],"collection":[{"href":"https:\/\/www.monpays.it\/de\/wp-json\/wp\/v2\/pages"}],"about":[{"href":"https:\/\/www.monpays.it\/de\/wp-json\/wp\/v2\/types\/page"}],"author":[{"embeddable":true,"href":"https:\/\/www.monpays.it\/de\/wp-json\/wp\/v2\/users\/1"}],"replies":[{"embeddable":true,"href":"https:\/\/www.monpays.it\/de\/wp-json\/wp\/v2\/comments?post=5376"}],"version-history":[{"count":0,"href":"https:\/\/www.monpays.it\/de\/wp-json\/wp\/v2\/pages\/5376\/revisions"}],"wp:attachment":[{"href":"https:\/\/www.monpays.it\/de\/wp-json\/wp\/v2\/media?parent=5376"}],"curies":[{"name":"wp","href":"https:\/\/api.w.org\/{rel}","templated":true}]}}