{"id":5573,"date":"2017-12-22T16:15:45","date_gmt":"2017-12-22T15:15:45","guid":{"rendered":"https:\/\/www.monpays.it\/spiaggia\/"},"modified":"2018-02-27T14:46:03","modified_gmt":"2018-02-27T13:46:03","slug":"strand","status":"publish","type":"page","link":"https:\/\/www.monpays.it\/de\/strand\/","title":{"rendered":"Ganz in der N\u00e4he vom Strand"},"content":{"rendered":"<h3>Und wie w\u00e4r\u2019s nun mit einem k\u00fchlen Sprung ins Meer am Strandbad \u201eBagno Rina 99\u2033 in Riccione?<\/h3>\n<p>Der <strong>\u201eBagnino\u201e<\/strong>, der freundliche Bademeister unseres Vertrauens, empf\u00e4ngt Sie herzlich und steht Ihnen stets hilfsbereit zur Verf\u00fcgung.<\/p>\n<p>Das <strong>\u201eBagno Rina 99\u2033<\/strong> ist nur wenige Meter vom Hotel Mon Pays entfernt, und nach zwei Minuten liegen Sie schon auf dem warmen, feinen Sand und erholen sich im Schatten eines Sonnendachs oder -schirms auf einer funkelnagelneuen Strandliege. Hier k\u00f6nnen sie an Aktivit\u00e4ten teilnehmen oder K\u00f6rper und Geist im Erholungsbereich entspannen, dem idealen Ort, um ein sch\u00f6nes Buch zu lesen oder mit Freunden zu plaudern.<\/p>\n<h3>Jeden Tag gibt es etwas Interessantes im \u201eBagno Rina\u201c<\/h3>\n<p>Der Morgen beginnt mit <strong>Muskelkr\u00e4ftigungs\u00fcbungen<\/strong> und <strong>Aqua Gym (Wassergymnastik)<\/strong>, und weiter geht es dann mit Spiel und Spa\u00df f\u00fcr die Kinder, darunter<\/p>\n<ul>\n<li>Baby-Tanz f\u00fcr die Kleinsten<\/li>\n<li>thematische Snacks<\/li>\n<li>Mannschaftsspiele.<\/li>\n<\/ul>\n<p>F\u00fcr die Kids gibt es au\u00dferdem einen Spielplatzbereich mit Trampolin, und der Bademeister versorgt sie mit allerlei Spielsachen f\u00fcr einen unbeschwerten und fr\u00f6hlichen Strandurlaub am Meer.<br \/>\n<strong>Aufblasbare Schwimmhilfen, Schaufeln, Eimerchen<\/strong> sind <strong>immer vorhanden<\/strong>: fragen Sie einfach danach! Und Mama und Papa freuen sich \u00fcber die Nursery, das Babybad, den Wickelraum und das kostenlose Armband, mit dem das Kind nicht verloren gehen kann.<\/p>\n<h3>Sport am Meer!<\/h3>\n<p>Sportbegeisterte k\u00f6nnen im <strong>Fitnessbereich<\/strong> trainieren oder Beachvolleyball und Beach Tennis spielen. Man kann auch <strong>Tretboote und Kanus mieten<\/strong> und damit auf Entdeckungstour auf dem Meer gehen.<\/p>\n<div id='gallery-1' class='gallery galleryid-5573 gallery-columns-4 gallery-size-thumbnail'><figure class='gallery-item'>\n\t\t\t\t<div class='gallery-icon landscape'>\n\t\t\t\t\t<a href='https:\/\/www.monpays.it\/wp-content\/uploads\/2018\/02\/Gallery-spiaggia-Mon-Pays-1.jpg' data-size=\"980x750\"><img loading=\"lazy\" decoding=\"async\" width=\"300\" height=\"300\" src=\"https:\/\/www.monpays.it\/wp-content\/uploads\/2018\/02\/Gallery-spiaggia-Mon-Pays-1-300x300.jpg\" class=\"attachment-thumbnail size-thumbnail\" alt=\"\" \/><\/a>\n\t\t\t\t<\/div><\/figure><figure class='gallery-item'>\n\t\t\t\t<div class='gallery-icon landscape'>\n\t\t\t\t\t<a href='https:\/\/www.monpays.it\/wp-content\/uploads\/2018\/02\/Gallery-spiaggia-03-Mon-Pays.jpg' data-size=\"900x650\"><img loading=\"lazy\" decoding=\"async\" width=\"300\" height=\"300\" src=\"https:\/\/www.monpays.it\/wp-content\/uploads\/2018\/02\/Gallery-spiaggia-03-Mon-Pays-300x300.jpg\" class=\"attachment-thumbnail size-thumbnail\" alt=\"\" \/><\/a>\n\t\t\t\t<\/div><\/figure><figure class='gallery-item'>\n\t\t\t\t<div class='gallery-icon landscape'>\n\t\t\t\t\t<a href='https:\/\/www.monpays.it\/wp-content\/uploads\/2018\/02\/Gallery-spiaggia-04-Mon-Pays.jpg' data-size=\"900x650\"><img loading=\"lazy\" decoding=\"async\" width=\"300\" height=\"300\" src=\"https:\/\/www.monpays.it\/wp-content\/uploads\/2018\/02\/Gallery-spiaggia-04-Mon-Pays-300x300.jpg\" class=\"attachment-thumbnail size-thumbnail\" alt=\"\" \/><\/a>\n\t\t\t\t<\/div><\/figure><figure class='gallery-item'>\n\t\t\t\t<div class='gallery-icon landscape'>\n\t\t\t\t\t<a href='https:\/\/www.monpays.it\/wp-content\/uploads\/2018\/02\/thaichi-monpays.jpg' data-size=\"610x392\"><img loading=\"lazy\" decoding=\"async\" width=\"300\" height=\"300\" src=\"https:\/\/www.monpays.it\/wp-content\/uploads\/2018\/02\/thaichi-monpays-300x300.jpg\" class=\"attachment-thumbnail size-thumbnail\" alt=\"\" \/><\/a>\n\t\t\t\t<\/div><\/figure>\n\t\t\t<\/div>\n\n","protected":false},"excerpt":{"rendered":"<p>Und wie w\u00e4r\u2019s nun mit einem k\u00fchlen Sprung ins Meer am Strandbad \u201eBagno Rina 99\u2033 in Riccione? Der \u201eBagnino\u201e, der freundliche Bademeister unseres Vertrauens, empf\u00e4ngt Sie herzlich und steht Ihnen stets hilfsbereit zur Verf\u00fcgung. Das \u201eBagno Rina 99\u2033 ist nur wenige Meter vom Hotel Mon Pays entfernt, und nach zwei Minuten liegen Sie schon auf dem warmen, feinen Sand und erholen sich im Schatten eines Sonnendachs oder -schirms auf einer &#8230;<\/p>\n","protected":false},"author":1,"featured_media":0,"parent":0,"menu_order":41,"comment_status":"closed","ping_status":"closed","template":"","meta":{"_acf_changed":false},"class_list":["post-5573","page","type-page","status-publish","hentry"],"acf":[],"_links":{"self":[{"href":"https:\/\/www.monpays.it\/de\/wp-json\/wp\/v2\/pages\/5573","targetHints":{"allow":["GET"]}}],"collection":[{"href":"https:\/\/www.monpays.it\/de\/wp-json\/wp\/v2\/pages"}],"about":[{"href":"https:\/\/www.monpays.it\/de\/wp-json\/wp\/v2\/types\/page"}],"author":[{"embeddable":true,"href":"https:\/\/www.monpays.it\/de\/wp-json\/wp\/v2\/users\/1"}],"replies":[{"embeddable":true,"href":"https:\/\/www.monpays.it\/de\/wp-json\/wp\/v2\/comments?post=5573"}],"version-history":[{"count":0,"href":"https:\/\/www.monpays.it\/de\/wp-json\/wp\/v2\/pages\/5573\/revisions"}],"wp:attachment":[{"href":"https:\/\/www.monpays.it\/de\/wp-json\/wp\/v2\/media?parent=5573"}],"curies":[{"name":"wp","href":"https:\/\/api.w.org\/{rel}","templated":true}]}}