{"id":5600,"date":"2017-12-22T16:16:17","date_gmt":"2017-12-22T15:16:17","guid":{"rendered":"https:\/\/www.monpays.it\/cucina\/"},"modified":"2019-12-19T13:28:44","modified_gmt":"2019-12-19T12:28:44","slug":"kuche","status":"publish","type":"page","link":"https:\/\/www.monpays.it\/de\/kuche\/","title":{"rendered":"Unsere Devise: erstklassige K\u00fcche!"},"content":{"rendered":"<p>Dann finden Sie im Mon Pays die urspr\u00fcnglichen Gerichte , wie wir sie von unseren Gro\u00dfm\u00fcttern gelernt haben. Bei Tisch k\u00f6nnen Sie hier unsere<strong> hausgemachte Pasta<\/strong> genie\u00dfen und bei <strong>Ravioli<\/strong>, <strong>Lasagne<\/strong>, den typischen <strong>Strozzapreti<\/strong> (\u201eW\u00fcrg-den-Priester\u201c) und <strong>Tagliatelle<\/strong> (Bandnudeln) mit ihren leckeren So\u00dfen den echten Geschmack der Romagna kennen lernen.<\/p>\n<h3>Unsere Leckerbissen anschauen, probieren und dahin schmelzen\u2026.<\/h3>\n<p>Zum Mittag- und Abendessen gibt es nach dem ersten Gang ein <strong>Fleisch<\/strong>&#8211; oder <strong>Fischgericht<\/strong>. Au\u00dferdem bieten wir jeden Tag ein <strong>Leichtkostgericht<\/strong> und ein kaltes <strong>vegetarisches<\/strong> Gericht an.<\/p>\n<p>Au\u00dfer dem Men\u00fc erwartet Sie ein <strong>reichhaltiges B\u00fcfett mit kalten und warmen Antipasti<\/strong>, bei dem Sie unter mehr als 15 Vorspeisen w\u00e4hlen k\u00f6nnen. Pizza, gef\u00fclltes Fladenbrot, Fleischkl\u00f6sschen, gebratenes Gem\u00fcse, Salate, Crostini, frisches und \u00fcberbackenes Gem\u00fcse \u2013 da l\u00e4uft einem direkt das Wasser im Munde zusammen!<\/p>\n<h3>Und zum s\u00fc\u00dfen Schluss \u2026<\/h3>\n<p>Ein absolutes Muss zum Abschluss des Essens sind unsere hausgemachten S\u00fc\u00dfspeisen, die die K\u00fcche immer ganz frisch zubereitet.<\/p>\n<h3>Themenabende<\/h3>\n<p>Wenn Sie Geselligkeit und Feste lieben, sollten Sie die Themenabende mit Piano Bar auf keinen Fall vers\u00e4umen.<\/p>\n<p>Au\u00dferdem lernen Sie dabei die echten traditionellen Abendessen der Romagna kennen, mit dem ber\u00fchmten Fladenbrot \u201ePiadina\u201c, Miesmuscheln, \u201eSardoncini\u201c (Sardinenspezialit\u00e4t) oder dem typischen Bohnen- und Nudeleintopf \u201ePasta e fagioli\u201c, oder gar Spanferkel, Aufschnitt mit regionalen Schinken- und Salamispezialit\u00e4ten, K\u00e4se und vielen anderen Leckereien mehr, die zu 100% romagnolisch sind.<\/p>\n<h4><a href=\"https:\/\/www.monpays.it\/de\/fruhstuck\/\">Fr\u00fchst\u00fcck<\/a><\/h4>\n","protected":false},"excerpt":{"rendered":"<p>Dann finden Sie im Mon Pays die urspr\u00fcnglichen Gerichte , wie wir sie von unseren Gro\u00dfm\u00fcttern gelernt haben. Bei Tisch k\u00f6nnen Sie hier unsere hausgemachte Pasta genie\u00dfen und bei Ravioli, Lasagne, den typischen Strozzapreti (\u201eW\u00fcrg-den-Priester\u201c) und Tagliatelle (Bandnudeln) mit ihren leckeren So\u00dfen den echten Geschmack der Romagna kennen lernen. Unsere Leckerbissen anschauen, probieren und dahin schmelzen\u2026. Zum Mittag- und Abendessen gibt es nach dem ersten Gang ein Fleisch&#8211; oder Fischgericht. &#8230;<\/p>\n","protected":false},"author":1,"featured_media":0,"parent":0,"menu_order":75,"comment_status":"closed","ping_status":"closed","template":"","meta":{"_acf_changed":false},"class_list":["post-5600","page","type-page","status-publish","hentry"],"acf":[],"_links":{"self":[{"href":"https:\/\/www.monpays.it\/de\/wp-json\/wp\/v2\/pages\/5600","targetHints":{"allow":["GET"]}}],"collection":[{"href":"https:\/\/www.monpays.it\/de\/wp-json\/wp\/v2\/pages"}],"about":[{"href":"https:\/\/www.monpays.it\/de\/wp-json\/wp\/v2\/types\/page"}],"author":[{"embeddable":true,"href":"https:\/\/www.monpays.it\/de\/wp-json\/wp\/v2\/users\/1"}],"replies":[{"embeddable":true,"href":"https:\/\/www.monpays.it\/de\/wp-json\/wp\/v2\/comments?post=5600"}],"version-history":[{"count":0,"href":"https:\/\/www.monpays.it\/de\/wp-json\/wp\/v2\/pages\/5600\/revisions"}],"wp:attachment":[{"href":"https:\/\/www.monpays.it\/de\/wp-json\/wp\/v2\/media?parent=5600"}],"curies":[{"name":"wp","href":"https:\/\/api.w.org\/{rel}","templated":true}]}}