{"id":5606,"date":"2017-12-22T16:15:08","date_gmt":"2017-12-22T15:15:08","guid":{"rendered":"https:\/\/www.monpays.it\/family\/"},"modified":"2018-02-27T14:22:50","modified_gmt":"2018-02-27T13:22:50","slug":"familie","status":"publish","type":"page","link":"https:\/\/www.monpays.it\/de\/familie\/","title":{"rendered":"Urlaub mit Kindern mitten in Riccione"},"content":{"rendered":"<h3>Ein H\u00f6chstma\u00df an Bequemlichkeit f\u00fcr Ihre Familie!<\/h3>\n<ul>\n<li>Im Mon Pays ist es m\u00f6glich, die <strong>Kinder-Mahlzeiten f\u00fcr die Kleinsten vorzuverlegen<\/strong> (auf 12.30 Uhr und 19.00 Uhr), so dass sie ganz in Ruhe essen k\u00f6nnen.<\/li>\n<li>Die K\u00fcche bereitet t\u00e4glich <strong>Gem\u00fcsebr\u00fche und passiertes frisches Gem\u00fcse<\/strong> zu, und am Tisch ist von Kinderservietten \u00fcber Kinderbesteck und den Kinderhochstuhl alles vorhanden.<\/li>\n<li>Das Aufw\u00e4rmen des Fl\u00e4schchens geh\u00f6rt zu jeder Tages- und Nachtzeit zum Rundum-Service der immer ge\u00f6ffneten Bar.<\/li>\n<li>Wir haben Kinderbetten mit Rausfallsicherung der Marke Chicco, Reisebettchen, Nachtlichter, Babybadewannen und Babyfon f\u00fcr Sie zur Verf\u00fcgung. Fragen Sie einfach uns oder das Personal danach.<\/li>\n<li>Unser freundlicher Bademeister vom Strandbad 99 l\u00e4sst Sie gern unter den vielen Spielen und Spielger\u00e4ten ausw\u00e4hlen und denkt sich jedes Jahr etwas Neues f\u00fcr die lieben kleinen G\u00e4ste aus.<\/li>\n<li>Medizinische Betreuung ist jederzeit gew\u00e4hrleistet und der Kinderarzt unseres Vertrauens immer erreichbar.<\/li>\n<\/ul>\n<p>Im Hotel Mon Pays erwartet Sie eine speziell auf Ihre Familie mit Kindern zugeschnittener Empfang. Schlie\u00dflich wird das Hotel von Frauen gef\u00fchrt: drei M\u00fcttern, die Ihnen bei Fragen und Problemen zur Seite stehen und vielleicht sogar ein paar n\u00fctzliche Tipps in Sachen Kinder geben k\u00f6nnen.<\/p>\n<h3>Freizeit- und Vergn\u00fcgungsparks<\/h3>\n<p>Die Kinder, die im Hotel Mon Pays wohnen, haben es wirklich gut! Sie haben in den unz\u00e4hligen Themenparks an der K\u00fcste freien Eintritt und Erm\u00e4\u00dfigungen.<\/p>\n<h4><a href=\"https:\/\/www.monpays.it\/de\/vergnuegungsparks\/\">Mehr zu den Themenparks in der N\u00e4he des Hotel Mon Pays<\/a><\/h4>\n","protected":false},"excerpt":{"rendered":"<p>Ein H\u00f6chstma\u00df an Bequemlichkeit f\u00fcr Ihre Familie! Im Mon Pays ist es m\u00f6glich, die Kinder-Mahlzeiten f\u00fcr die Kleinsten vorzuverlegen (auf 12.30 Uhr und 19.00 Uhr), so dass sie ganz in Ruhe essen k\u00f6nnen. Die K\u00fcche bereitet t\u00e4glich Gem\u00fcsebr\u00fche und passiertes frisches Gem\u00fcse zu, und am Tisch ist von Kinderservietten \u00fcber Kinderbesteck und den Kinderhochstuhl alles vorhanden. Das Aufw\u00e4rmen des Fl\u00e4schchens geh\u00f6rt zu jeder Tages- und Nachtzeit zum Rundum-Service der immer &#8230;<\/p>\n","protected":false},"author":1,"featured_media":0,"parent":0,"menu_order":42,"comment_status":"closed","ping_status":"closed","template":"","meta":{"_acf_changed":false},"class_list":["post-5606","page","type-page","status-publish","hentry"],"acf":[],"_links":{"self":[{"href":"https:\/\/www.monpays.it\/de\/wp-json\/wp\/v2\/pages\/5606","targetHints":{"allow":["GET"]}}],"collection":[{"href":"https:\/\/www.monpays.it\/de\/wp-json\/wp\/v2\/pages"}],"about":[{"href":"https:\/\/www.monpays.it\/de\/wp-json\/wp\/v2\/types\/page"}],"author":[{"embeddable":true,"href":"https:\/\/www.monpays.it\/de\/wp-json\/wp\/v2\/users\/1"}],"replies":[{"embeddable":true,"href":"https:\/\/www.monpays.it\/de\/wp-json\/wp\/v2\/comments?post=5606"}],"version-history":[{"count":0,"href":"https:\/\/www.monpays.it\/de\/wp-json\/wp\/v2\/pages\/5606\/revisions"}],"wp:attachment":[{"href":"https:\/\/www.monpays.it\/de\/wp-json\/wp\/v2\/media?parent=5606"}],"curies":[{"name":"wp","href":"https:\/\/api.w.org\/{rel}","templated":true}]}}