{"id":5612,"date":"2017-09-08T11:53:45","date_gmt":"2017-09-08T09:53:45","guid":{"rendered":"https:\/\/www.monpays.it\/dove-siamo\/"},"modified":"2018-03-28T10:56:17","modified_gmt":"2018-03-28T08:56:17","slug":"wo-sind-wir","status":"publish","type":"page","link":"https:\/\/www.monpays.it\/de\/wo-sind-wir\/","title":{"rendered":"Das 3-Sterne-Hotel Mon Pays liegt mitten in Riccione!"},"content":{"rendered":"<p>Im Zentrum von Riccione zu wohnen ist sowohl f\u00fcr Paare als auch f\u00fcr Familien eine ausgezeichnete Wahl, denn Sie k\u00f6nnen das Auto auf dem Privatparkplatz stehen lassen und alles bequem zu Fu\u00df erreichen, den Strand ebenso wie die L\u00e4den und die angesagten Lokale.<\/p>\n<ul>\n<li>in unmittelbarer N\u00e4he vom Strand und Meer<\/li>\n<li>direkt an der Einkaufsmeile <strong>Viale Dante<\/strong><\/li>\n<li>inmitten von bequem erreichbaren <strong>Restaurants, Bars, Eisdielen und L\u00e4den<\/strong><\/li>\n<li>in der N\u00e4he der Flanierrmeile <strong>Viale Ceccarini<\/strong> und nur einen Kilometer vom neuen Kongresspalast entfernt.<\/li>\n<li>Die Parks (Oltremare, Aquafan) sind eine 5-min\u00fctige Autofahrt entfernt.<\/li>\n<\/ul>\n<p>Hier <strong>steht Ihnen alles zur Verf\u00fcgung<\/strong>: mit den hoteleigenen Fahrr\u00e4dern k\u00f6nnen Sie eine Runde durch Riccione drehen, oder Sie springen am \u201eBagno 99\u201c ins Meer, dem bestens ausgestatteten Strandbad, das von Fitnesstraining f\u00fcr Erwachsene bis zum Miniclub mit Spiel und Spa\u00df f\u00fcr die Kinder allen etwas bietet.<\/p>\n","protected":false},"excerpt":{"rendered":"<p>Im Zentrum von Riccione zu wohnen ist sowohl f\u00fcr Paare als auch f\u00fcr Familien eine ausgezeichnete Wahl, denn Sie k\u00f6nnen das Auto auf dem Privatparkplatz stehen lassen und alles bequem zu Fu\u00df erreichen, den Strand ebenso wie die L\u00e4den und die angesagten Lokale. in unmittelbarer N\u00e4he vom Strand und Meer direkt an der Einkaufsmeile Viale Dante inmitten von bequem erreichbaren Restaurants, Bars, Eisdielen und L\u00e4den in der N\u00e4he der Flanierrmeile &#8230;<\/p>\n","protected":false},"author":1,"featured_media":0,"parent":0,"menu_order":79,"comment_status":"closed","ping_status":"closed","template":"page-mappa-interattiva.php","meta":{"_acf_changed":false},"class_list":["post-5612","page","type-page","status-publish","hentry"],"acf":[],"_links":{"self":[{"href":"https:\/\/www.monpays.it\/de\/wp-json\/wp\/v2\/pages\/5612","targetHints":{"allow":["GET"]}}],"collection":[{"href":"https:\/\/www.monpays.it\/de\/wp-json\/wp\/v2\/pages"}],"about":[{"href":"https:\/\/www.monpays.it\/de\/wp-json\/wp\/v2\/types\/page"}],"author":[{"embeddable":true,"href":"https:\/\/www.monpays.it\/de\/wp-json\/wp\/v2\/users\/1"}],"replies":[{"embeddable":true,"href":"https:\/\/www.monpays.it\/de\/wp-json\/wp\/v2\/comments?post=5612"}],"version-history":[{"count":0,"href":"https:\/\/www.monpays.it\/de\/wp-json\/wp\/v2\/pages\/5612\/revisions"}],"wp:attachment":[{"href":"https:\/\/www.monpays.it\/de\/wp-json\/wp\/v2\/media?parent=5612"}],"curies":[{"name":"wp","href":"https:\/\/api.w.org\/{rel}","templated":true}]}}