{"id":5653,"date":"2018-01-05T17:43:32","date_gmt":"2018-01-05T16:43:32","guid":{"rendered":"https:\/\/www.monpays.it\/la-colazione\/"},"modified":"2018-02-27T14:18:24","modified_gmt":"2018-02-27T13:18:24","slug":"fruhstuck","status":"publish","type":"page","link":"https:\/\/www.monpays.it\/de\/fruhstuck\/","title":{"rendered":"Guten Morgen Riccione!"},"content":{"rendered":"<p>Was k\u00f6nnte sch\u00f6ner sein, <strong>als sich nach dem Aufwachen ein Schlemmerfr\u00fchst\u00fcck zu g\u00f6nnen und jeden Moment<\/strong> davon in aller Ruhe zu genie\u00dfen! Lassen Sie sich das leckere und reichhaltige <strong>Fr\u00fchst\u00fccksb\u00fcfett des Hauses Mon Pays schmecken<\/strong> \u2013 hier finden Sie genau die richtige Mischung aus L\u00e4cheln und s\u00fc\u00dfen und salzigen K\u00f6stlichkeiten.<\/p>\n<h3>Stellen Sie sich vor einem Buffet:<\/h3>\n<ul>\n<li><strong>Frisch gebackene Kuchen<\/strong>: Marmeladent\u00f6rtchen, Apfelkuchen, flauschige handgemachten Pflaumen-und Schokoladenkuchen.<\/li>\n<li><strong>Bomboloni<\/strong> mit frischer Sahne<\/li>\n<li><strong>Hausgemachte Cookies<\/strong> von verschiedenen Typen: Marmelade, Schokolade, zusammen mit einer Auswahl an verpackten Cookies.<\/li>\n<li><strong>Frisches<\/strong> Obst, Joghurt, M\u00fcsli-Auswahl<\/li>\n<li><strong>Brot<\/strong> in verschiedenen Sorten: Getreide, wei\u00df, Vollkorn-, \u2026<\/li>\n<li><strong>Kaffee, Milch, Tee und Fruchts\u00e4fte<\/strong><\/li>\n<\/ul>\n<p>Wenn Sie m\u00f6chten, k\u00f6nnen Sie auch ein Buffet zum <strong>Fr\u00fchst\u00fcck mit herzhaften Vorschl\u00e4ge an die Macht, um Ihren Morgen hinzuf\u00fcgen gewidmet<\/strong>. In der Ecke des herzhaften Fr\u00fchst\u00fcck k\u00f6nnen Sie Fleisch, Wurst, K\u00e4se, mit verschiedenen Arten von Brot entsprechen k\u00f6nnen.<\/p>\n","protected":false},"excerpt":{"rendered":"<p>Was k\u00f6nnte sch\u00f6ner sein, als sich nach dem Aufwachen ein Schlemmerfr\u00fchst\u00fcck zu g\u00f6nnen und jeden Moment davon in aller Ruhe zu genie\u00dfen! Lassen Sie sich das leckere und reichhaltige Fr\u00fchst\u00fccksb\u00fcfett des Hauses Mon Pays schmecken \u2013 hier finden Sie genau die richtige Mischung aus L\u00e4cheln und s\u00fc\u00dfen und salzigen K\u00f6stlichkeiten. Stellen Sie sich vor einem Buffet: Frisch gebackene Kuchen: Marmeladent\u00f6rtchen, Apfelkuchen, flauschige handgemachten Pflaumen-und Schokoladenkuchen. Bomboloni mit frischer Sahne Hausgemachte &#8230;<\/p>\n","protected":false},"author":1,"featured_media":0,"parent":0,"menu_order":19,"comment_status":"closed","ping_status":"closed","template":"","meta":{"_acf_changed":false},"class_list":["post-5653","page","type-page","status-publish","hentry"],"acf":[],"_links":{"self":[{"href":"https:\/\/www.monpays.it\/de\/wp-json\/wp\/v2\/pages\/5653","targetHints":{"allow":["GET"]}}],"collection":[{"href":"https:\/\/www.monpays.it\/de\/wp-json\/wp\/v2\/pages"}],"about":[{"href":"https:\/\/www.monpays.it\/de\/wp-json\/wp\/v2\/types\/page"}],"author":[{"embeddable":true,"href":"https:\/\/www.monpays.it\/de\/wp-json\/wp\/v2\/users\/1"}],"replies":[{"embeddable":true,"href":"https:\/\/www.monpays.it\/de\/wp-json\/wp\/v2\/comments?post=5653"}],"version-history":[{"count":0,"href":"https:\/\/www.monpays.it\/de\/wp-json\/wp\/v2\/pages\/5653\/revisions"}],"wp:attachment":[{"href":"https:\/\/www.monpays.it\/de\/wp-json\/wp\/v2\/media?parent=5653"}],"curies":[{"name":"wp","href":"https:\/\/api.w.org\/{rel}","templated":true}]}}