{"id":5659,"date":"2018-01-05T17:28:46","date_gmt":"2018-01-05T16:28:46","guid":{"rendered":"https:\/\/www.monpays.it\/servizi\/"},"modified":"2018-04-24T14:19:57","modified_gmt":"2018-04-24T12:19:57","slug":"serviceleistungen","status":"publish","type":"page","link":"https:\/\/www.monpays.it\/de\/serviceleistungen\/","title":{"rendered":"Auf den Service kommt es an"},"content":{"rendered":"<p>Bei allen Serviceleistungen des Hotels Mon Pays im Zentrum von Riccione dreht sich alles um Sie! Und das Personal steht Ihnen mit seiner professionellen Erfahrung jederzeit zur Verf\u00fcgung, um Ihnen Ihre W\u00fcnsche zu erf\u00fcllen.<\/p>\n<h3>Im Hotel gibt es<\/h3>\n<ul>\n<li>drei Arten von ger\u00e4umigen, einladenden und hellen Zimmern<\/li>\n<li>American Bar<\/li>\n<li>Garten<\/li>\n<li>Einen eingez\u00e4unten und bewachten <strong>Parkplatz<\/strong> (gegen Geb\u00fchr)<\/li>\n<li><strong>WLAN<\/strong><\/li>\n<\/ul>\n<h3>K\u00f6stliche K\u00fcche<\/h3>\n<ul>\n<li>reichhaltiges, leckeres Fr\u00fchst\u00fccksb\u00fcfett mit S\u00fc\u00dfem und Herzhaftem<\/li>\n<li><strong>typische und traditionelle K\u00fcche<\/strong> mit hausgemachten Speisen<\/li>\n<li><strong>typisch romagnolische kulinarische Themenabende<\/strong> und Piano Bar<\/li>\n<\/ul>\n<h3>Die Freizeit erleben<\/h3>\n<ul>\n<li>kostenlose Fahrr\u00e4der<\/li>\n<li>bestens ausgestattetes Strandbad (zu Sonderpreisen)<\/li>\n<li>Kooperation mit dem Thermalpark \u201ePerle d\u2019Acqua\u201c<\/li>\n<\/ul>\n<h3>F\u00fcr die Kinder<\/h3>\n<ul>\n<li>Kinderprogramm und Animation am Strand<\/li>\n<li>kindersicheres Zubeh\u00f6r (Kinderbetten mit Rausfallsicherung, Kinderbettchen, Babybadewannen, \u2026)<\/li>\n<li>flexible Restaurant\u00f6ffnungszeiten f\u00fcr die Zubereitung der Kindergerichte und Breichen<\/li>\n<li>Aufw\u00e4rmen des Fl\u00e4schchens an der rund um die Uhr ge\u00f6ffneten Bar<\/li>\n<li>bei Bedarf vertrauensw\u00fcrdiger Kinderarzt<\/li>\n<\/ul>\n<h4><a href=\"https:\/\/www.monpays.it\/de\/familie\/\">Mehr zum Urlaub mit Kindern im Hotel Mon Pays<\/a><\/h4>\n","protected":false},"excerpt":{"rendered":"<p>Bei allen Serviceleistungen des Hotels Mon Pays im Zentrum von Riccione dreht sich alles um Sie! Und das Personal steht Ihnen mit seiner professionellen Erfahrung jederzeit zur Verf\u00fcgung, um Ihnen Ihre W\u00fcnsche zu erf\u00fcllen. Im Hotel gibt es drei Arten von ger\u00e4umigen, einladenden und hellen Zimmern American Bar Garten Einen eingez\u00e4unten und bewachten Parkplatz (gegen Geb\u00fchr) WLAN K\u00f6stliche K\u00fcche reichhaltiges, leckeres Fr\u00fchst\u00fccksb\u00fcfett mit S\u00fc\u00dfem und Herzhaftem typische und traditionelle K\u00fcche &#8230;<\/p>\n","protected":false},"author":1,"featured_media":0,"parent":0,"menu_order":69,"comment_status":"closed","ping_status":"closed","template":"","meta":{"_acf_changed":false},"class_list":["post-5659","page","type-page","status-publish","hentry"],"acf":[],"_links":{"self":[{"href":"https:\/\/www.monpays.it\/de\/wp-json\/wp\/v2\/pages\/5659","targetHints":{"allow":["GET"]}}],"collection":[{"href":"https:\/\/www.monpays.it\/de\/wp-json\/wp\/v2\/pages"}],"about":[{"href":"https:\/\/www.monpays.it\/de\/wp-json\/wp\/v2\/types\/page"}],"author":[{"embeddable":true,"href":"https:\/\/www.monpays.it\/de\/wp-json\/wp\/v2\/users\/1"}],"replies":[{"embeddable":true,"href":"https:\/\/www.monpays.it\/de\/wp-json\/wp\/v2\/comments?post=5659"}],"version-history":[{"count":0,"href":"https:\/\/www.monpays.it\/de\/wp-json\/wp\/v2\/pages\/5659\/revisions"}],"wp:attachment":[{"href":"https:\/\/www.monpays.it\/de\/wp-json\/wp\/v2\/media?parent=5659"}],"curies":[{"name":"wp","href":"https:\/\/api.w.org\/{rel}","templated":true}]}}