{"id":5677,"date":"2018-01-05T17:19:25","date_gmt":"2018-01-05T16:19:25","guid":{"rendered":"https:\/\/www.monpays.it\/hotel\/"},"modified":"2018-02-27T12:38:22","modified_gmt":"2018-02-27T11:38:22","slug":"hotel","status":"publish","type":"page","link":"https:\/\/www.monpays.it\/de\/hotel\/","title":{"rendered":"Willkommen in Riccione"},"content":{"rendered":"<h3>Hoteliers aus Leidenschaft!<\/h3>\n<p>Dann sind Sie im Hotel Mon Pays genau richtig. Denn seit 1965 wird es von der Familie Pozzi pers\u00f6nlich gef\u00fchrt und bietet nun schon in der dritten Generation die Garantie f\u00fcr einen Urlaub im Zeichen der Gastfreundschaft. Empfangen werden Sie mit einem <strong>strahlenden L\u00e4cheln<\/strong> von <strong>Raffaela und Daniela<\/strong>, die Ihnen jederzeit gern dabei behilflich sind, Ihren Traum vom idealen Urlaub wahr werden zu lassen. Der Familie Pozzi ist es vier Jahrzehnte lang stets aufs Neue gelungen, ihre G\u00e4ste in einer <strong>erholsamen und behaglichen Atmosph\u00e4re<\/strong> zu verw\u00f6hnen und ihren Urlaub zu einem unvergesslichen Erlebnis zu machen. Und sie hat ihr Wissen an ihre Kinder weitergegeben, so dass auch heute die neue Generation der Familie Pozzi sich ganz daf\u00fcr einsetzt, ihren G\u00e4sten das absolute Optimum zu bieten.<\/p>\n<h3>Zentrale Lage<\/h3>\n<p><strong>Bequemlichkeit auch im Urlaub<\/strong>: Im Hotel Mon Pays sind Sie mitten im Zentrum, direkt an der Flanier- und Shoppingmeile Viale Dante, in unmittelbarer N\u00e4he vom Strand und vom Kongresspalast von Riccione. Im Zentrum von Riccione zu wohnen ist sowohl f\u00fcr Paare als auch f\u00fcr Familien eine ausgezeichnete Wahl, denn man kann das Auto auf dem Privatparkplatz stehen lassen und alles bequem zu Fu\u00df erreichen, den Strand ebenso wie die L\u00e4den und die angesagten Lokale. Von hier aus <strong>steht Ihnen alles in unmittelbarer N\u00e4he zur Verf\u00fcgung<\/strong>: Mit den hoteleigenen Fahrr\u00e4dern k\u00f6nnen Sie eine Runde durch Riccione drehen, oder Sie springen am Bagno 99 ins Meer, dem bestens ausgestatteten Strandbad, das vom Fitnesstraining f\u00fcr Erwachsene bis zum Miniclub mit Spiel und Spa\u00df f\u00fcr die Kids f\u00fcr alle etwas zu bieten hat.<\/p>\n<h3>Erholsame Atmosph\u00e4re<\/h3>\n<p>Das Hotel Mon Pays ist <strong>renoviert<\/strong> und bietet <strong>elegante und behagliche R\u00e4umlichkeiten<\/strong>. Nehmen Sie also Platz und entspannen Sie sich in dem gastfreundlichen und modernen Eingangsbereich mit American Bar und Wintergarten!<\/p>\n<h3>Familienurlaub<\/h3>\n<p>Noch nie war ein Familienurlaub in Riccione so erholsam! Denn im Hotel Mon Pays genie\u00dfen auch <strong>Familien mit Kindern<\/strong> besondere Gastfreundschaft. Die Familie Pozzi kennt die Bed\u00fcrfnisse der Kinder und der Eltern und bietet ihnen deshalb eine Reihe spezieller Serviceleistungen an.<\/p>\n","protected":false},"excerpt":{"rendered":"<p>Hoteliers aus Leidenschaft! Dann sind Sie im Hotel Mon Pays genau richtig. Denn seit 1965 wird es von der Familie Pozzi pers\u00f6nlich gef\u00fchrt und bietet nun schon in der dritten Generation die Garantie f\u00fcr einen Urlaub im Zeichen der Gastfreundschaft. Empfangen werden Sie mit einem strahlenden L\u00e4cheln von Raffaela und Daniela, die Ihnen jederzeit gern dabei behilflich sind, Ihren Traum vom idealen Urlaub wahr werden zu lassen. Der Familie Pozzi &#8230;<\/p>\n","protected":false},"author":1,"featured_media":0,"parent":0,"menu_order":71,"comment_status":"closed","ping_status":"closed","template":"","meta":{"_acf_changed":false},"class_list":["post-5677","page","type-page","status-publish","hentry"],"acf":[],"_links":{"self":[{"href":"https:\/\/www.monpays.it\/de\/wp-json\/wp\/v2\/pages\/5677","targetHints":{"allow":["GET"]}}],"collection":[{"href":"https:\/\/www.monpays.it\/de\/wp-json\/wp\/v2\/pages"}],"about":[{"href":"https:\/\/www.monpays.it\/de\/wp-json\/wp\/v2\/types\/page"}],"author":[{"embeddable":true,"href":"https:\/\/www.monpays.it\/de\/wp-json\/wp\/v2\/users\/1"}],"replies":[{"embeddable":true,"href":"https:\/\/www.monpays.it\/de\/wp-json\/wp\/v2\/comments?post=5677"}],"version-history":[{"count":0,"href":"https:\/\/www.monpays.it\/de\/wp-json\/wp\/v2\/pages\/5677\/revisions"}],"wp:attachment":[{"href":"https:\/\/www.monpays.it\/de\/wp-json\/wp\/v2\/media?parent=5677"}],"curies":[{"name":"wp","href":"https:\/\/api.w.org\/{rel}","templated":true}]}}