{"id":5375,"date":"2016-07-29T12:11:55","date_gmt":"2016-07-29T10:11:55","guid":{"rendered":"https:\/\/www.monpays.it\/pagina-di-esempio\/"},"modified":"2019-12-19T13:39:21","modified_gmt":"2019-12-19T12:39:21","slug":"pagina-di-esempio","status":"publish","type":"page","link":"https:\/\/www.monpays.it\/fr\/","title":{"rendered":"H\u00f4tel Mon Pays, 3 \u00e9toiles dans le centre de Riccione"},"content":{"rendered":"<p>Contactez Raffaella et Daniela, <strong><a href=\"https:\/\/www.monpays.it\/fr\/hotel\/\">accueillent la famille Pozzi<\/a><\/strong>, qui dirige l\u2019h\u00f4tel depuis 1965 avec une grande passion:<\/p>\n<dl>\n<dt>Position enviable<\/dt>\n<dd>Dans le centre et pr\u00e8s de la mer, le Mon Pays est \u00e0 deux minutes \u00e0 pied de la plage priv\u00e9e et super-\u00e9quip\u00e9e. En outre, il est situ\u00e9 au bord de Viale Dante: commerces, services locaux, restaurants.<\/dd>\n<dt>Chambres pour les r\u00eaves d&rsquo;or<\/dt>\n<dd>Choisissez parmi trois types de chambres sont toutes spacieuses, lumineuses et confortables. <strong><span id=\"result_box\" class=\"short_text\" lang=\"fr\"><span class=\"\">NOUVEAU<\/span><\/span>:\u00a0<span id=\"result_box\" class=\"short_text\" lang=\"fr\"><span class=\"\">Lits confortables Sommier avec de nouveaux matelas anatomiques<\/span><\/span><\/strong><\/dd>\n<dt>Laissez votre voiture, prenez votre v\u00e9lo<\/dt>\n<dd>Si vous le souhaitez, vous disposez d\u2019un parking cl\u00f4tur\u00e9 et ferm\u00e9. En outre, vous avez \u00e0 votre disposition des bicyclettes pour explorer Riccione.<\/dd>\n<dt>Des ingr\u00e9dients frais dans la cuisine<\/dt>\n<dd>La cuisine est traditionnelle et authentique, toujours maison. Le cuisinier qui aiment vraiment la cuisine locale et des ingr\u00e9dients frais, produits semi-finis nien \u2026 ici tout est vrai et en fait jour! A chaque repas, sont les desserts faits maison qui sont pr\u00eats frais du jour.<\/dd>\n<dt>Petit-d\u00e9jeuner royal<\/dt>\n<dd>Prenez un petit d\u00e9jeuner avec un <a href=\"https:\/\/www.monpays.it\/fr\/petit-dejeuner\/\"><strong>riche buffet<\/strong> <\/a>de g\u00e2teaux, beignes, biscuits tous faits maison. Ce sera fantastique de se r\u00e9veiller avec le go\u00fbt d\u2019une tranche de tarte faite par les mains habiles d\u2019un cuisinier de la Romagne!<\/dd>\n<dt>Plage dor\u00e9e<\/dt>\n<dd>La plage priv\u00e9e est proche et super \u00e9quip\u00e9e. Apprenez \u00e0 conna\u00eetre Otello, le sauveteur dei Bagni Rina 99, la plage amicale de Mon Pays.<\/dd>\n<dt>Tout l&rsquo;amusement des enfants<\/dt>\n<dd>Vos <a href=\"https:\/\/www.monpays.it\/fr\/family\/\"><strong>enfants sont les protagonistes<\/strong><\/a>: menus sp\u00e9ciaux, de la s\u00e9curit\u00e9 et de divertissement. Accessoires pour manger, pour dormir et des r\u00e9ductions pour les parcs d\u2019attractions Aquafan et Oltremare.<\/dd>\n<dt>Restez connect\u00e9 Wi-Fi<\/dt>\n<dd>Le Mon Pays reste \u00e0 jour avec la connexion Wi-Fi gratuite.<\/dd>\n<\/dl>\n","protected":false},"excerpt":{"rendered":"<p>Contactez Raffaella et Daniela, accueillent la famille Pozzi, qui dirige l\u2019h\u00f4tel depuis 1965 avec une grande passion: Position enviable Dans le centre et pr\u00e8s de la mer, le Mon Pays est \u00e0 deux minutes \u00e0 pied de la plage priv\u00e9e et super-\u00e9quip\u00e9e. En outre, il est situ\u00e9 au bord de Viale Dante: commerces, services locaux, restaurants. Chambres pour les r\u00eaves d&rsquo;or Choisissez parmi trois types de chambres sont toutes spacieuses, &#8230;<\/p>\n","protected":false},"author":1,"featured_media":0,"parent":0,"menu_order":65,"comment_status":"closed","ping_status":"open","template":"","meta":{"_acf_changed":false},"class_list":["post-5375","page","type-page","status-publish","hentry"],"acf":[],"_links":{"self":[{"href":"https:\/\/www.monpays.it\/fr\/wp-json\/wp\/v2\/pages\/5375","targetHints":{"allow":["GET"]}}],"collection":[{"href":"https:\/\/www.monpays.it\/fr\/wp-json\/wp\/v2\/pages"}],"about":[{"href":"https:\/\/www.monpays.it\/fr\/wp-json\/wp\/v2\/types\/page"}],"author":[{"embeddable":true,"href":"https:\/\/www.monpays.it\/fr\/wp-json\/wp\/v2\/users\/1"}],"replies":[{"embeddable":true,"href":"https:\/\/www.monpays.it\/fr\/wp-json\/wp\/v2\/comments?post=5375"}],"version-history":[{"count":0,"href":"https:\/\/www.monpays.it\/fr\/wp-json\/wp\/v2\/pages\/5375\/revisions"}],"wp:attachment":[{"href":"https:\/\/www.monpays.it\/fr\/wp-json\/wp\/v2\/media?parent=5375"}],"curies":[{"name":"wp","href":"https:\/\/api.w.org\/{rel}","templated":true}]}}