{"id":5572,"date":"2017-12-22T16:15:45","date_gmt":"2017-12-22T15:15:45","guid":{"rendered":"https:\/\/www.monpays.it\/spiaggia\/"},"modified":"2018-02-27T14:51:09","modified_gmt":"2018-02-27T13:51:09","slug":"la-plage","status":"publish","type":"page","link":"https:\/\/www.monpays.it\/fr\/la-plage\/","title":{"rendered":"La plage de Riccione vous attend!"},"content":{"rendered":"<h3><strong>A deux minutes \u00e0 pied seulement de la plage de sable fin et dor\u00e9<\/strong><\/h3>\n<p><strong>Etes-vous pr\u00eat pour de belles baignades aupr\u00e8s de l\u2019\u00e9tablissement baln\u00e9aire \u00abBagni Rina 99\u00bb de Riccione?<\/strong><\/p>\n<p>Otello, le plagiste de confiance de l\u2019H\u00f4tel Mon Pays, vous y attend pour vous offrir cordialit\u00e9 et disponibilit\u00e9, outre \u00e0 une infinit\u00e9 de services.<\/p>\n<p>L\u2019\u00e9tablissement baln\u00e9aire <strong>\u00abBagni Rina 99\u00bb<\/strong> n\u2019est qu\u2019\u00e0 quelques m\u00e8tres de l\u2019H\u00f4tel Mon Pays: <strong>2 minutes \u00e0 pied<\/strong> suffisent en effet pour rejoindre son sable chaud et fin o\u00f9 pouvoir vous d\u00e9tendre \u00e0 l\u2019ombre de tentes et de parasols, l\u00e9zardant sur des transats de derni\u00e8re g\u00e9n\u00e9ration. Participez aux activit\u00e9s ou ressourcez votre corps et votre esprit dans <strong>l\u2019espace d\u00e9tente<\/strong>, un endroit id\u00e9al pour lire un beau livre ou bavarder entre amis.<\/p>\n<h3><strong>Aupr\u00e8s de l\u2019\u00e9tablissement \u00abBagni Rina 99,\u00bb, il y a tous les jours quelque chose d\u2019int\u00e9ressant:<\/strong><\/h3>\n<p>La matin\u00e9e commence par un sourire et, pour vous redonner de la vitalit\u00e9 et \u00e9loigner le stress, vous y trouvez plusieurs activit\u00e9s dont:<\/p>\n<ul>\n<li><strong>r\u00e9veil musculaire<\/strong> pour d\u00e9tendre le corps et le r\u00e9g\u00e9n\u00e9rer<\/li>\n<li><strong>aquagym<\/strong>, \u00e9nergie et musique dans l\u2019eau<\/li>\n<\/ul>\n<p>Pour les <strong>enfants<\/strong>, toute le journ\u00e9e est remplie d\u2019activit\u00e9s amusantes telles que:<\/p>\n<ul>\n<li>baby-dance<\/li>\n<li>go\u00fbters \u00e0 th\u00e8me<\/li>\n<li>jeux d\u2019\u00e9quipe<\/li>\n<\/ul>\n<p>Vos enfants y trouvent \u00e9galement une<strong> zone de jeu<\/strong> dot\u00e9e d\u2019un <strong>tapis \u00e9lastique<\/strong> et \u00e9quip\u00e9e de nombreux jouets pour de super vacances \u00e0 la mer. <strong>Jeux gonflables<\/strong>,<strong> pelles<\/strong> et <strong>seaux<\/strong> sont <strong>toujours disponibles<\/strong>: il suffit de les demander! Et, pour papa et maman, voici la nursery, les toilettes pour les enfants et la table \u00e0 langer, <strong>outre au bracelet anti-\u00e9garement gratuit pour les enfants<\/strong>.<\/p>\n<h3>Sports \u00e0 la mer<\/h3>\n<p><strong>Si vous aimez le sport, vous pouvez vous entra\u00eener dans l\u2019espace fitness ou jouer au beach volley et au beach tennis. <\/strong>Un service de location d\u2019embarcations \u00e0 p\u00e9dales et de cano\u00ebs est \u00e9galement disponible pour des sorties \u00e0 la d\u00e9couverte de la mer Adriatique.<\/p>\n<div id='gallery-1' class='gallery galleryid-5572 gallery-columns-4 gallery-size-thumbnail'><figure class='gallery-item'>\n\t\t\t\t<div class='gallery-icon landscape'>\n\t\t\t\t\t<a href='https:\/\/www.monpays.it\/wp-content\/uploads\/2018\/02\/Gallery-spiaggia-Mon-Pays-1.jpg' data-size=\"980x750\"><img loading=\"lazy\" decoding=\"async\" width=\"300\" height=\"300\" src=\"https:\/\/www.monpays.it\/wp-content\/uploads\/2018\/02\/Gallery-spiaggia-Mon-Pays-1-300x300.jpg\" class=\"attachment-thumbnail size-thumbnail\" alt=\"\" \/><\/a>\n\t\t\t\t<\/div><\/figure><figure class='gallery-item'>\n\t\t\t\t<div class='gallery-icon landscape'>\n\t\t\t\t\t<a href='https:\/\/www.monpays.it\/wp-content\/uploads\/2018\/02\/Gallery-spiaggia-03-Mon-Pays.jpg' data-size=\"900x650\"><img loading=\"lazy\" decoding=\"async\" width=\"300\" height=\"300\" src=\"https:\/\/www.monpays.it\/wp-content\/uploads\/2018\/02\/Gallery-spiaggia-03-Mon-Pays-300x300.jpg\" class=\"attachment-thumbnail size-thumbnail\" alt=\"\" \/><\/a>\n\t\t\t\t<\/div><\/figure><figure class='gallery-item'>\n\t\t\t\t<div class='gallery-icon landscape'>\n\t\t\t\t\t<a href='https:\/\/www.monpays.it\/wp-content\/uploads\/2018\/02\/Gallery-spiaggia-04-Mon-Pays.jpg' data-size=\"900x650\"><img loading=\"lazy\" decoding=\"async\" width=\"300\" height=\"300\" src=\"https:\/\/www.monpays.it\/wp-content\/uploads\/2018\/02\/Gallery-spiaggia-04-Mon-Pays-300x300.jpg\" class=\"attachment-thumbnail size-thumbnail\" alt=\"\" \/><\/a>\n\t\t\t\t<\/div><\/figure><figure class='gallery-item'>\n\t\t\t\t<div class='gallery-icon landscape'>\n\t\t\t\t\t<a href='https:\/\/www.monpays.it\/wp-content\/uploads\/2018\/02\/thaichi-monpays.jpg' data-size=\"610x392\"><img loading=\"lazy\" decoding=\"async\" width=\"300\" height=\"300\" src=\"https:\/\/www.monpays.it\/wp-content\/uploads\/2018\/02\/thaichi-monpays-300x300.jpg\" class=\"attachment-thumbnail size-thumbnail\" alt=\"\" \/><\/a>\n\t\t\t\t<\/div><\/figure>\n\t\t\t<\/div>\n\n","protected":false},"excerpt":{"rendered":"<p>A deux minutes \u00e0 pied seulement de la plage de sable fin et dor\u00e9 Etes-vous pr\u00eat pour de belles baignades aupr\u00e8s de l\u2019\u00e9tablissement baln\u00e9aire \u00abBagni Rina 99\u00bb de Riccione? Otello, le plagiste de confiance de l\u2019H\u00f4tel Mon Pays, vous y attend pour vous offrir cordialit\u00e9 et disponibilit\u00e9, outre \u00e0 une infinit\u00e9 de services. L\u2019\u00e9tablissement baln\u00e9aire \u00abBagni Rina 99\u00bb n\u2019est qu\u2019\u00e0 quelques m\u00e8tres de l\u2019H\u00f4tel Mon Pays: 2 minutes \u00e0 pied &#8230;<\/p>\n","protected":false},"author":1,"featured_media":0,"parent":0,"menu_order":41,"comment_status":"closed","ping_status":"closed","template":"","meta":{"_acf_changed":false},"class_list":["post-5572","page","type-page","status-publish","hentry"],"acf":[],"_links":{"self":[{"href":"https:\/\/www.monpays.it\/fr\/wp-json\/wp\/v2\/pages\/5572","targetHints":{"allow":["GET"]}}],"collection":[{"href":"https:\/\/www.monpays.it\/fr\/wp-json\/wp\/v2\/pages"}],"about":[{"href":"https:\/\/www.monpays.it\/fr\/wp-json\/wp\/v2\/types\/page"}],"author":[{"embeddable":true,"href":"https:\/\/www.monpays.it\/fr\/wp-json\/wp\/v2\/users\/1"}],"replies":[{"embeddable":true,"href":"https:\/\/www.monpays.it\/fr\/wp-json\/wp\/v2\/comments?post=5572"}],"version-history":[{"count":0,"href":"https:\/\/www.monpays.it\/fr\/wp-json\/wp\/v2\/pages\/5572\/revisions"}],"wp:attachment":[{"href":"https:\/\/www.monpays.it\/fr\/wp-json\/wp\/v2\/media?parent=5572"}],"curies":[{"name":"wp","href":"https:\/\/api.w.org\/{rel}","templated":true}]}}