{"id":5599,"date":"2017-12-22T16:16:17","date_gmt":"2017-12-22T15:16:17","guid":{"rendered":"https:\/\/www.monpays.it\/cucina\/"},"modified":"2019-12-19T13:28:55","modified_gmt":"2019-12-19T12:28:55","slug":"cuisine","status":"publish","type":"page","link":"https:\/\/www.monpays.it\/fr\/cuisine\/","title":{"rendered":"Cuisine"},"content":{"rendered":"<p>A l\u2019H\u00f4tel Mon Pays, vous trouverez la vraie cuisine, la cuisine d\u2019autrefois dont les grand-m\u00e8res ont le secret. A table, d\u00e9couvrez les <strong>p\u00e2tes faites \u00e0 la main<\/strong> et les vraies saveurs de la Romagne en vous r\u00e9galant gr\u00e2ce \u00e0 ses<strong> raviolis<\/strong>, \u00e0 ses<strong> lasagnes<\/strong>, \u00e0 ses <strong>strozzapreti<\/strong> et \u00e0 ses <strong>tagliatelles<\/strong>, aux assaisonnements sans pareil.<\/p>\n<h3>Vous charmer, vous \u00e9tonner et, enfin, vous s\u00e9duire!<\/h3>\n<p>Les menus du d\u00e9jeuner et du d\u00eener sont compos\u00e9s de plats de p\u00e2tes, de viande et de poisson. Ils vous proposent \u00e9galement chaque jour un <strong>plat l\u00e9ger<\/strong> et un plat froid <strong>v\u00e9g\u00e9tarien<\/strong>.<\/p>\n<p>Le menu comprend \u00e9galement un riche buffet de hors-d\u2019\u0153uvre froids et chauds offrant un choix de plus de 15 propositions: pizzas, fouaces farcies, boulettes, l\u00e9gumes, l\u00e9gumes frits, l\u00e9gumes gratin\u00e9s, salades panach\u00e9es, canap\u00e9s\u2026 de quoi vous faire venir d\u2019ores et d\u00e9j\u00e0 l\u2019eau \u00e0 la bouche!<\/p>\n<h3>Des g\u00e2teaux maison uniquement \u00e0 base d\u2019ingr\u00e9dients frais<\/h3>\n<p><strong>Les g\u00e2teaux maison<\/strong> de l\u2019H\u00f4tel Mon Pays sont vraiment <strong>artisanaux<\/strong>: pour leur pr\u00e9paration, le chef n\u2019utilise en effet que des mati\u00e8res premi\u00e8res naturelles, \u00e9vitant l\u2019emploi de tout produit pr\u00eat. Ainsi, du tiramis\u00f9 \u00e0 la g\u00e9noise, vous trouverez dans nos desserts de vrais \u0153ufs, du vrai lait frais et de vrais fruits s\u00e9lectionn\u00e9s par nos soins et \u00e9labor\u00e9s dans notre cuisine.<\/p>\n<p>A la fin de chaque repas, ne renoncez pas aux g\u00e2teaux maison de l\u2019H\u00f4tel Mon Pays, tous frais du jour. Voici les desserts pr\u00e9f\u00e9r\u00e9s de nos clients: <strong>mousse de fraises, tiramis\u00f9, cr\u00e8me catalane, flan au chocolat, g\u00e2teau aux fruits et \u00e0 la Chantilly, fondant au chocolat<\/strong>.<\/p>\n<h3>Soir\u00e9es \u00e0 th\u00e8me<\/h3>\n<p>Si vous aimez vous aussi faire la f\u00eate et \u00eatre en compagnie, ne manquez pas nos <strong>soir\u00e9es \u00e0 th\u00e8me<\/strong> avec <strong>piano bar<\/strong>!<\/p>\n<p>De plus, vous pourrez d\u00e9couvrir la vraie tradition gr\u00e2ce aux <strong>typiques d\u00eeners romagnols<\/strong> proposant la c\u00e9l\u00e8bre piadina, des moules, des sardines de l\u2019Adriatique, des p\u00e2tes aux haricots, le cochon de lait r\u00f4ti, des charcuteries, des fromages et d\u2019autres nombreuses propositions d\u00e9licieuses 100% romagnoles.<\/p>\n<h4><a href=\"https:\/\/www.monpays.it\/fr\/petit-dejeuner\/\">Petit dejeuner<\/a><\/h4>\n","protected":false},"excerpt":{"rendered":"<p>A l\u2019H\u00f4tel Mon Pays, vous trouverez la vraie cuisine, la cuisine d\u2019autrefois dont les grand-m\u00e8res ont le secret. A table, d\u00e9couvrez les p\u00e2tes faites \u00e0 la main et les vraies saveurs de la Romagne en vous r\u00e9galant gr\u00e2ce \u00e0 ses raviolis, \u00e0 ses lasagnes, \u00e0 ses strozzapreti et \u00e0 ses tagliatelles, aux assaisonnements sans pareil. Vous charmer, vous \u00e9tonner et, enfin, vous s\u00e9duire! Les menus du d\u00e9jeuner et du d\u00eener &#8230;<\/p>\n","protected":false},"author":1,"featured_media":0,"parent":0,"menu_order":0,"comment_status":"closed","ping_status":"closed","template":"","meta":{"_acf_changed":false},"class_list":["post-5599","page","type-page","status-publish","hentry"],"acf":[],"_links":{"self":[{"href":"https:\/\/www.monpays.it\/fr\/wp-json\/wp\/v2\/pages\/5599","targetHints":{"allow":["GET"]}}],"collection":[{"href":"https:\/\/www.monpays.it\/fr\/wp-json\/wp\/v2\/pages"}],"about":[{"href":"https:\/\/www.monpays.it\/fr\/wp-json\/wp\/v2\/types\/page"}],"author":[{"embeddable":true,"href":"https:\/\/www.monpays.it\/fr\/wp-json\/wp\/v2\/users\/1"}],"replies":[{"embeddable":true,"href":"https:\/\/www.monpays.it\/fr\/wp-json\/wp\/v2\/comments?post=5599"}],"version-history":[{"count":0,"href":"https:\/\/www.monpays.it\/fr\/wp-json\/wp\/v2\/pages\/5599\/revisions"}],"wp:attachment":[{"href":"https:\/\/www.monpays.it\/fr\/wp-json\/wp\/v2\/media?parent=5599"}],"curies":[{"name":"wp","href":"https:\/\/api.w.org\/{rel}","templated":true}]}}