{"id":5605,"date":"2017-12-22T16:15:08","date_gmt":"2017-12-22T15:15:08","guid":{"rendered":"https:\/\/www.monpays.it\/family\/"},"modified":"2018-02-27T14:23:16","modified_gmt":"2018-02-27T13:23:16","slug":"family","status":"publish","type":"page","link":"https:\/\/www.monpays.it\/fr\/family\/","title":{"rendered":"Des vacances avec les enfants au c\u0153ur de Riccione"},"content":{"rendered":"<h3>Que de commodit\u00e9s pour votre famille!<\/h3>\n<ul>\n<li>A l\u2019H\u00f4tel Mon Pays, vous avez la possibilit\u00e9 <strong>d\u2019anticiper l\u2019heure des repas des plus jeunes enfants<\/strong> \u00e0 12h30 et \u00e0 19h00 afin qu\u2019ils puissent manger en toute tranquillit\u00e9.<\/li>\n<li>La cuisine pr\u00e9pare chaque jour <strong>du bouillon v\u00e9g\u00e9tal et des soupes \u00e0 base de l\u00e9gumes frais<\/strong>; \u00e0 table, vous disposez \u00e9galement de tout le n\u00e9cessaire, des petites nappes aux couverts et aux chaises hautes.<\/li>\n<li>Si vous devez <strong>chauffer un biberon<\/strong>, \u00e0 n\u2019importe quelle heure du jour ou de la nuit, le service de bar est ouvert 24 h sur 24.<\/li>\n<li>Nous disposons de<strong> lits d\u2019enfants \u00e0 barreaux<\/strong> de marque Chicco, de <strong>berceaux\/petits lits<\/strong> de camping, de <strong>veilleuses<\/strong>, de <strong>baignoires<\/strong> de b\u00e9b\u00e9, de baby\/phone. Il vous suffira de demander ces \u00e9quipements \u00e0 la r\u00e9ception ou au personnel de service.<\/li>\n<li>Notre plagiste, aupr\u00e8s de l\u2019\u00e9tablissement baln\u00e9aire \u00abBagno 99\u00bb, met \u00e0 votre disposition de nombreux jeux, enrichissant chaque ann\u00e9e ses \u00e9quipements de nouveaut\u00e9s pour assurer le divertissement et les activit\u00e9s des plus jeunes h\u00f4tes.<\/li>\n<li>Vous pouvez compter sur un service de<strong> garde m\u00e9dicale<\/strong> actif en permanence et sur la disponibilit\u00e9 d\u2019un <strong>p\u00e9diatre<\/strong> de confiance.<\/li>\n<\/ul>\n<p>L\u2019H\u00f4tel Mon Pays vous attend pour vous offrir une hospitalit\u00e9 consacr\u00e9e \u00e0 la famille et aux <strong>enfants<\/strong>. La gestion, toute f\u00e9minine, y est peut-\u00eatre pour quelque chose: trois mamans pr\u00eates \u00e0 r\u00e9soudre les n\u00e9cessit\u00e9s et les probl\u00e8mes ou \u00e0 vous fournir quelques conseils pour vos petits anges.<\/p>\n<h3>Parcs de loisirs<\/h3>\n<p>Les enfants qui s\u00e9journent \u00e0 l\u2019H\u00f4tel Mon Pays sont des h\u00f4tes tr\u00e8s sp\u00e9ciaux! Pour eux, vous pouvez b\u00e9n\u00e9ficier d\u2019entr\u00e9es gratuites et de r\u00e9ductions pour les innombrables parcs th\u00e9matiques de la c\u00f4te.<\/p>\n<h4><a href=\"https:\/\/www.monpays.it\/fr\/parcs-de-loisirs\/\">D\u00e9couvrez les parcs de loisirs \u00e0 proximit\u00e9 de l\u2019H\u00f4tel Mon Pays<\/a><\/h4>\n","protected":false},"excerpt":{"rendered":"<p>Que de commodit\u00e9s pour votre famille! A l\u2019H\u00f4tel Mon Pays, vous avez la possibilit\u00e9 d\u2019anticiper l\u2019heure des repas des plus jeunes enfants \u00e0 12h30 et \u00e0 19h00 afin qu\u2019ils puissent manger en toute tranquillit\u00e9. La cuisine pr\u00e9pare chaque jour du bouillon v\u00e9g\u00e9tal et des soupes \u00e0 base de l\u00e9gumes frais; \u00e0 table, vous disposez \u00e9galement de tout le n\u00e9cessaire, des petites nappes aux couverts et aux chaises hautes. Si vous &#8230;<\/p>\n","protected":false},"author":1,"featured_media":0,"parent":0,"menu_order":42,"comment_status":"closed","ping_status":"closed","template":"","meta":{"_acf_changed":false},"class_list":["post-5605","page","type-page","status-publish","hentry"],"acf":[],"_links":{"self":[{"href":"https:\/\/www.monpays.it\/fr\/wp-json\/wp\/v2\/pages\/5605","targetHints":{"allow":["GET"]}}],"collection":[{"href":"https:\/\/www.monpays.it\/fr\/wp-json\/wp\/v2\/pages"}],"about":[{"href":"https:\/\/www.monpays.it\/fr\/wp-json\/wp\/v2\/types\/page"}],"author":[{"embeddable":true,"href":"https:\/\/www.monpays.it\/fr\/wp-json\/wp\/v2\/users\/1"}],"replies":[{"embeddable":true,"href":"https:\/\/www.monpays.it\/fr\/wp-json\/wp\/v2\/comments?post=5605"}],"version-history":[{"count":0,"href":"https:\/\/www.monpays.it\/fr\/wp-json\/wp\/v2\/pages\/5605\/revisions"}],"wp:attachment":[{"href":"https:\/\/www.monpays.it\/fr\/wp-json\/wp\/v2\/media?parent=5605"}],"curies":[{"name":"wp","href":"https:\/\/api.w.org\/{rel}","templated":true}]}}