{"id":5611,"date":"2017-09-08T11:53:45","date_gmt":"2017-09-08T09:53:45","guid":{"rendered":"https:\/\/www.monpays.it\/dove-siamo\/"},"modified":"2018-03-28T10:55:32","modified_gmt":"2018-03-28T08:55:32","slug":"ou-sommes-nous","status":"publish","type":"page","link":"https:\/\/www.monpays.it\/fr\/ou-sommes-nous\/","title":{"rendered":"A l\u2019H\u00f4tel Mon Pays de Riccione, 3 \u00e9toiles, vous s\u00e9journerez dans une position des plus centrale!"},"content":{"rendered":"<p>S\u00e9journer dans le <strong>centre de Riccione<\/strong> est un choix id\u00e9al, que vous voyagiez en couple ou en famille: apr\u00e8s avoir gar\u00e9<strong> votre voiture dans le parking priv\u00e9<\/strong>, sans vous soucier de rien, vous avez <strong>tout \u00e0 la port\u00e9e de la main<\/strong>.<\/p>\n<ul>\n<li>Pr\u00e8s de la<strong> plage<\/strong> et de la mer<\/li>\n<li>Directement sur la promenade de<strong> l\u2019avenue Dante<\/strong>, la rue du shopping<\/li>\n<li>Entour\u00e9 de commodit\u00e9s: <strong>restaurants, bars, glaciers et magasins<\/strong><\/li>\n<li>Tout pr\u00e8s de la c\u00e9l\u00e8bre <strong>avenue Ceccarini<\/strong>, \u00e0 un kilom\u00e8tre \u00e0 peine de distance, et du nouveau Palais des congr\u00e8s.<\/li>\n<li>Les<strong> parcs de divertissement<\/strong> Aquafan et Oltremare sont \u00e0 5 minutes en voiture.<\/li>\n<\/ul>\n<p>D\u2019ici,<strong> tout est \u00e0 votre disposition<\/strong>: faites une promenade \u00e0 Riccione gr\u00e2ce \u00e0 l\u2019un de nos v\u00e9los, offrez-vous une belle baignade aupr\u00e8s de l\u2019\u00e9tablissement baln\u00e9aire \u00abBagno 99\u00bb, riche en \u00e9quipements et en commodit\u00e9s, de l\u2019espace de gymnastique au miniclub pour les enfants.<\/p>\n","protected":false},"excerpt":{"rendered":"<p>S\u00e9journer dans le centre de Riccione est un choix id\u00e9al, que vous voyagiez en couple ou en famille: apr\u00e8s avoir gar\u00e9 votre voiture dans le parking priv\u00e9, sans vous soucier de rien, vous avez tout \u00e0 la port\u00e9e de la main. Pr\u00e8s de la plage et de la mer Directement sur la promenade de l\u2019avenue Dante, la rue du shopping Entour\u00e9 de commodit\u00e9s: restaurants, bars, glaciers et magasins Tout pr\u00e8s &#8230;<\/p>\n","protected":false},"author":1,"featured_media":102,"parent":0,"menu_order":50,"comment_status":"closed","ping_status":"closed","template":"page-mappa-interattiva.php","meta":{"_acf_changed":false},"class_list":["post-5611","page","type-page","status-publish","has-post-thumbnail","hentry"],"acf":[],"_links":{"self":[{"href":"https:\/\/www.monpays.it\/fr\/wp-json\/wp\/v2\/pages\/5611","targetHints":{"allow":["GET"]}}],"collection":[{"href":"https:\/\/www.monpays.it\/fr\/wp-json\/wp\/v2\/pages"}],"about":[{"href":"https:\/\/www.monpays.it\/fr\/wp-json\/wp\/v2\/types\/page"}],"author":[{"embeddable":true,"href":"https:\/\/www.monpays.it\/fr\/wp-json\/wp\/v2\/users\/1"}],"replies":[{"embeddable":true,"href":"https:\/\/www.monpays.it\/fr\/wp-json\/wp\/v2\/comments?post=5611"}],"version-history":[{"count":0,"href":"https:\/\/www.monpays.it\/fr\/wp-json\/wp\/v2\/pages\/5611\/revisions"}],"wp:featuredmedia":[{"embeddable":true,"href":"https:\/\/www.monpays.it\/fr\/wp-json\/wp\/v2\/media\/102"}],"wp:attachment":[{"href":"https:\/\/www.monpays.it\/fr\/wp-json\/wp\/v2\/media?parent=5611"}],"curies":[{"name":"wp","href":"https:\/\/api.w.org\/{rel}","templated":true}]}}