{"id":5652,"date":"2018-01-05T17:43:32","date_gmt":"2018-01-05T16:43:32","guid":{"rendered":"https:\/\/www.monpays.it\/la-colazione\/"},"modified":"2018-02-27T14:19:59","modified_gmt":"2018-02-27T13:19:59","slug":"petit-dejeuner","status":"publish","type":"page","link":"https:\/\/www.monpays.it\/fr\/petit-dejeuner\/","title":{"rendered":"Bonjour Riccione!"},"content":{"rendered":"<p>Qu\u2019y a-t-il de mieux que de se r\u00e9veiller en <strong>pouvant prendre son temps pour savourer un d\u00e9licieux petit d\u00e9jeuner<\/strong>! D\u00e9couvrez le riche et succulent<strong> buffet du petit d\u00e9jeuner sign\u00e9 H\u00f4tel Mon Pays<\/strong>: un vrai r\u00e9gal \u00e0 base de sourires et de gourmandises sucr\u00e9es et sal\u00e9es.<\/p>\n<h3>Imaginez-vous d\u2019\u00eatre devant un buffet qui vous propose:<\/h3>\n<ul>\n<li><strong>Des g\u00e2teaux<\/strong> sortant du four tels que tarte \u00e0 la confiture, g\u00e2teau aux pommes, mini-cakes moelleux et g\u00e2teau au chocolat.<\/li>\n<li>Des <strong>pets-de-nonne<\/strong> \u00e0 la cr\u00e8me frais.<\/li>\n<li>Un riche assortiment <strong>de biscuits maison<\/strong>: \u00e0 la confiture, au chocolat, noir et blanc, ainsi qu\u2019une s\u00e9lection de biscuits du commerce.<\/li>\n<li>Des<strong> fruits frais<\/strong>, des fruits au sirop, des yaourts et une s\u00e9lection de c\u00e9r\u00e9ales.<\/li>\n<li><strong>Plusieurs vari\u00e9t\u00e9s de pains<\/strong>: aux c\u00e9r\u00e9ales, blanc, complet, etc\u2026<\/li>\n<li><strong>Du caf\u00e9, du lait, du th\u00e9 et des jus de fruits.<\/strong><\/li>\n<\/ul>\n<p>Si vous le pr\u00e9f\u00e9rez, vous y trouvez \u00e9galement un coin r\u00e9serv\u00e9 aux <strong>produits sal\u00e9s<\/strong> pour faire le plein d\u2019\u00e9nergie pour la matin\u00e9e. Il vous propose un riche assortiment de <strong>charcuteries et de fromages \u00e0 savourer<\/strong> avec les diff\u00e9rents types de pains.<\/p>\n","protected":false},"excerpt":{"rendered":"<p>Qu\u2019y a-t-il de mieux que de se r\u00e9veiller en pouvant prendre son temps pour savourer un d\u00e9licieux petit d\u00e9jeuner! D\u00e9couvrez le riche et succulent buffet du petit d\u00e9jeuner sign\u00e9 H\u00f4tel Mon Pays: un vrai r\u00e9gal \u00e0 base de sourires et de gourmandises sucr\u00e9es et sal\u00e9es. Imaginez-vous d\u2019\u00eatre devant un buffet qui vous propose: Des g\u00e2teaux sortant du four tels que tarte \u00e0 la confiture, g\u00e2teau aux pommes, mini-cakes moelleux et &#8230;<\/p>\n","protected":false},"author":1,"featured_media":0,"parent":0,"menu_order":19,"comment_status":"closed","ping_status":"closed","template":"","meta":{"_acf_changed":false},"class_list":["post-5652","page","type-page","status-publish","hentry"],"acf":[],"_links":{"self":[{"href":"https:\/\/www.monpays.it\/fr\/wp-json\/wp\/v2\/pages\/5652","targetHints":{"allow":["GET"]}}],"collection":[{"href":"https:\/\/www.monpays.it\/fr\/wp-json\/wp\/v2\/pages"}],"about":[{"href":"https:\/\/www.monpays.it\/fr\/wp-json\/wp\/v2\/types\/page"}],"author":[{"embeddable":true,"href":"https:\/\/www.monpays.it\/fr\/wp-json\/wp\/v2\/users\/1"}],"replies":[{"embeddable":true,"href":"https:\/\/www.monpays.it\/fr\/wp-json\/wp\/v2\/comments?post=5652"}],"version-history":[{"count":0,"href":"https:\/\/www.monpays.it\/fr\/wp-json\/wp\/v2\/pages\/5652\/revisions"}],"wp:attachment":[{"href":"https:\/\/www.monpays.it\/fr\/wp-json\/wp\/v2\/media?parent=5652"}],"curies":[{"name":"wp","href":"https:\/\/api.w.org\/{rel}","templated":true}]}}