{"id":5658,"date":"2018-01-05T17:28:46","date_gmt":"2018-01-05T16:28:46","guid":{"rendered":"https:\/\/www.monpays.it\/servizi\/"},"modified":"2018-02-16T12:24:20","modified_gmt":"2018-02-16T11:24:20","slug":"services","status":"publish","type":"page","link":"https:\/\/www.monpays.it\/fr\/services\/","title":{"rendered":"Services"},"content":{"rendered":"<p>Tous les services qui sont \u00e0 mon pays le centre de Riccione sont con\u00e7us pour vous: vous avez \u00e0 votre disposition un personnel professionnel pr\u00e9par\u00e9 et pr\u00eat \u00e0 r\u00e9pondre \u00e0 vos souhaits.eri.<\/p>\n<h3>Dans l\u2019h\u00f4tel sont:<\/h3>\n<ul>\n<li>Trois types de chambres <strong>spacieuses, confortables et lumineux<\/strong><\/li>\n<li><strong>American bar<\/strong><\/li>\n<li><strong>Jardin<\/strong><\/li>\n<li>Un <strong>parking ferm\u00e9 et surveill\u00e9<\/strong> (en suppl\u00e9ment)<\/li>\n<li><strong>Wi-Fi<\/strong><\/li>\n<\/ul>\n<h3>Fine cuisine:<\/h3>\n<ul>\n<li>Petit-d\u00e9jeuner buffet copieux et savoureux avec sucr\u00e9 et sal\u00e9<\/li>\n<li><strong>Cuisine typique naturelle<\/strong> fait maison<\/li>\n<li><strong>Des d\u00eeners \u00e0 th\u00e8me des plats locaux<\/strong> et piano-bar<\/li>\n<\/ul>\n<h3>Loisirs en direct<\/h3>\n<ul>\n<li>Des <strong>v\u00e9los<\/strong> gratuits<\/li>\n<li><strong>Plage \u00e9quip\u00e9e<\/strong> conventionn\u00e9e<\/li>\n<li><strong>Parc thermal Perle d\u2019Acqua conventionn\u00e9e<\/strong><\/li>\n<\/ul>\n<h3>Pour les enfants<\/h3>\n<ul>\n<li><strong>Divertissement<\/strong> sur la plage<\/li>\n<li><strong>Accessoires<\/strong> pour leur <strong>s\u00e9curit\u00e9<\/strong> (lits avec rails, lits, baignoires pour b\u00e9b\u00e9s, \u2026)<\/li>\n<li><strong>Horaires flexibles<\/strong> au restaurant pour les repas<\/li>\n<li>Bar ouvert 24 heures pour <strong>r\u00e9chauffer la bouteille<\/strong><\/li>\n<li>P\u00e9diatre disponibles<\/li>\n<\/ul>\n<h4><a href=\"https:\/\/www.monpays.it\/fr\/family\/\">D\u00e9couvrez plus de d\u00e9tails sur des vacances avec les enfants \u00e0 la Mon Pays<\/a><\/h4>\n","protected":false},"excerpt":{"rendered":"<p>Tous les services qui sont \u00e0 mon pays le centre de Riccione sont con\u00e7us pour vous: vous avez \u00e0 votre disposition un personnel professionnel pr\u00e9par\u00e9 et pr\u00eat \u00e0 r\u00e9pondre \u00e0 vos souhaits.eri. Dans l\u2019h\u00f4tel sont: Trois types de chambres spacieuses, confortables et lumineux American bar Jardin Un parking ferm\u00e9 et surveill\u00e9 (en suppl\u00e9ment) Wi-Fi Fine cuisine: Petit-d\u00e9jeuner buffet copieux et savoureux avec sucr\u00e9 et sal\u00e9 Cuisine typique naturelle fait maison &#8230;<\/p>\n","protected":false},"author":1,"featured_media":0,"parent":0,"menu_order":0,"comment_status":"closed","ping_status":"closed","template":"","meta":{"_acf_changed":false},"class_list":["post-5658","page","type-page","status-publish","hentry"],"acf":[],"_links":{"self":[{"href":"https:\/\/www.monpays.it\/fr\/wp-json\/wp\/v2\/pages\/5658","targetHints":{"allow":["GET"]}}],"collection":[{"href":"https:\/\/www.monpays.it\/fr\/wp-json\/wp\/v2\/pages"}],"about":[{"href":"https:\/\/www.monpays.it\/fr\/wp-json\/wp\/v2\/types\/page"}],"author":[{"embeddable":true,"href":"https:\/\/www.monpays.it\/fr\/wp-json\/wp\/v2\/users\/1"}],"replies":[{"embeddable":true,"href":"https:\/\/www.monpays.it\/fr\/wp-json\/wp\/v2\/comments?post=5658"}],"version-history":[{"count":0,"href":"https:\/\/www.monpays.it\/fr\/wp-json\/wp\/v2\/pages\/5658\/revisions"}],"wp:attachment":[{"href":"https:\/\/www.monpays.it\/fr\/wp-json\/wp\/v2\/media?parent=5658"}],"curies":[{"name":"wp","href":"https:\/\/api.w.org\/{rel}","templated":true}]}}