{"id":5670,"date":"2018-01-05T17:08:30","date_gmt":"2018-01-05T16:08:30","guid":{"rendered":"https:\/\/www.monpays.it\/benessere\/"},"modified":"2018-02-27T14:33:34","modified_gmt":"2018-02-27T13:33:34","slug":"wellness","status":"publish","type":"page","link":"https:\/\/www.monpays.it\/fr\/wellness\/","title":{"rendered":"Bien-\u00eatre \u00e0 Riccione"},"content":{"rendered":"<p>L\u2019H\u00f4tel Mon Pays, au c\u0153ur de Riccione, pense \u00e9galement \u00e0 votre d\u00e9tente:vous pouvez en effet disposer d\u2019un <strong>Centre de Bien-\u00eatre<\/strong> thermal <strong>conventionn\u00e9<\/strong> tout proche: le parc Perle D\u2019Acqua de Riccione. Massages relaxants, bains de vapeur et hydromassages n\u2019en sont qu\u2019un avant-go\u00fbt.<\/p>\n<h3>Le parc Perle D\u2019Acqua<\/h3>\n<p>Le parc Perle d\u2019Acqua est une <strong>structure unique en son genre<\/strong> situ\u00e9e sur la promenade du bord de mer de Riccione. Am\u00e9nag\u00e9 dans une <strong>pin\u00e8de s\u00e9culaire de 3 hectares<\/strong>, le parc est une v\u00e9ritable oasis de verdure abritant des <strong>piscines d\u2019eau thermale, des parcours revitalisants et des divertissements pour les enfants<\/strong>.<\/p>\n<p><strong>Le parc Perle D\u2019Acqua vous propose:<\/strong><\/p>\n<ul>\n<li>une grande <strong>piscine<\/strong> d\u2019eau thermale \u00e0 30\u00b0C, en plein air, de 800 m\u00e8tres carr\u00e9s C<\/li>\n<li>sept cascades d\u2019eau qui reprennent les couleurs de l\u2019arc-en-ciel<\/li>\n<li>des <strong>hydromassages<\/strong><\/li>\n<li>des <strong>parcours revitalisants<\/strong> de marche dans l\u2019eau \u00e0 temp\u00e9ratures vari\u00e9es de plus de 140 m\u00e8tres<\/li>\n<\/ul>\n<p>Et, si vous le d\u00e9sirez, vous pouvez participer \u00e0 des activit\u00e9s de fitness et de d\u00e9tente parmi des plantes parfum\u00e9es et des dunes de sable, suivre des le\u00e7ons d\u2019aquagym et disposer de massages tonifiants effectu\u00e9s par un <strong>personnel exp\u00e9riment\u00e9 et qualifi\u00e9<\/strong>.<\/p>\n<p><strong>Id\u00e9al pour les enfants<\/strong>. Vos enfants l\u2019aimeront! En effet, ils trouveront au parc Perle D\u2019Acqua une <strong>piscine d\u00e9di\u00e9e offrant une profondeur \u00e0 la mesure des enfants, des jets d\u2019eau, des ch\u00e2teaux sur lesquels pouvoir grimper, des animations cr\u00e9atives et des aires de jeu<\/strong>, le tout au contact de la nature et \u00e0 proximit\u00e9 de la plage.<\/p>\n","protected":false},"excerpt":{"rendered":"<p>L\u2019H\u00f4tel Mon Pays, au c\u0153ur de Riccione, pense \u00e9galement \u00e0 votre d\u00e9tente:vous pouvez en effet disposer d\u2019un Centre de Bien-\u00eatre thermal conventionn\u00e9 tout proche: le parc Perle D\u2019Acqua de Riccione. Massages relaxants, bains de vapeur et hydromassages n\u2019en sont qu\u2019un avant-go\u00fbt. Le parc Perle D\u2019Acqua Le parc Perle d\u2019Acqua est une structure unique en son genre situ\u00e9e sur la promenade du bord de mer de Riccione. Am\u00e9nag\u00e9 dans une pin\u00e8de &#8230;<\/p>\n","protected":false},"author":1,"featured_media":0,"parent":0,"menu_order":0,"comment_status":"closed","ping_status":"closed","template":"","meta":{"_acf_changed":false},"class_list":["post-5670","page","type-page","status-publish","hentry"],"acf":[],"_links":{"self":[{"href":"https:\/\/www.monpays.it\/fr\/wp-json\/wp\/v2\/pages\/5670","targetHints":{"allow":["GET"]}}],"collection":[{"href":"https:\/\/www.monpays.it\/fr\/wp-json\/wp\/v2\/pages"}],"about":[{"href":"https:\/\/www.monpays.it\/fr\/wp-json\/wp\/v2\/types\/page"}],"author":[{"embeddable":true,"href":"https:\/\/www.monpays.it\/fr\/wp-json\/wp\/v2\/users\/1"}],"replies":[{"embeddable":true,"href":"https:\/\/www.monpays.it\/fr\/wp-json\/wp\/v2\/comments?post=5670"}],"version-history":[{"count":0,"href":"https:\/\/www.monpays.it\/fr\/wp-json\/wp\/v2\/pages\/5670\/revisions"}],"wp:attachment":[{"href":"https:\/\/www.monpays.it\/fr\/wp-json\/wp\/v2\/media?parent=5670"}],"curies":[{"name":"wp","href":"https:\/\/api.w.org\/{rel}","templated":true}]}}