{"id":5676,"date":"2018-01-05T17:19:25","date_gmt":"2018-01-05T16:19:25","guid":{"rendered":"https:\/\/www.monpays.it\/hotel\/"},"modified":"2018-02-27T12:38:56","modified_gmt":"2018-02-27T11:38:56","slug":"hotel","status":"publish","type":"page","link":"https:\/\/www.monpays.it\/fr\/hotel\/","title":{"rendered":"Bienvenue \u00e0 Riccione"},"content":{"rendered":"<h3>La gestion fait la diff\u00e9rence!<\/h3>\n<p>L\u2019H\u00f4tel Mon Pays, directement g\u00e9r\u00e9 par la famille Pozzi depuis 1965, est l\u2019h\u00f4tel fait pour vous. Les 3 g\u00e9n\u00e9rations qui s\u2019y sont succ\u00e9d\u00e9es sont la garantie de vacances sous le signe de l\u2019hospitalit\u00e9. A l\u2019h\u00f4tel, vous trouvez toujours <strong>le sourire et la gentillesse de Raffaella et de Daniela<\/strong>, \u00e0 votre disposition tous les jours pour r\u00e9aliser vos vacances id\u00e9ales. Une ann\u00e9e apr\u00e8s l\u2019autre, la famille a su c\u00e2liner ses h\u00f4tes, dans<strong> une atmosph\u00e8re relaxante et confortable<\/strong>, pour cr\u00e9er des vacances inoubliables. <strong>Le bouche \u00e0 oreille<\/strong> a \u00e9t\u00e9 constant et, aujourd\u2019hui, apr\u00e8s quarante ans, la nouvelle g\u00e9n\u00e9ration de la famille Pozzi continue de chercher tout ce qu\u2019il y a de mieux pour ses clients.<\/p>\n<h3>Une position centrale<\/h3>\n<p><strong>Les vacances signifient \u00e9galement commodit\u00e9<\/strong>: choisissez le Mon Pays et vous serez dans une position des plus centrale, directement sur la promenade de l\u2019avenue Dante, la rue du shopping, et \u00e0 quelques pas de la plage et du Palais des congr\u00e8s de Riccione. S\u00e9journer dans le centre de Riccione est un choix id\u00e9al, que vous voyagiez en couple ou en famille: apr\u00e8s avoir gar\u00e9 votre voiture dans le parking priv\u00e9, sans vous soucier de rien, vous avez tout \u00e0 la port\u00e9e de la main: la plage, les magasins, les restaurants et les bo\u00eetes de nuit \u00e0 la mode. D\u2019ici, <strong>tout est \u00e0 votre disposition<\/strong>: faites une promenade \u00e0 Riccione gr\u00e2ce \u00e0 l\u2019un de nos v\u00e9los, offrez-vous une belle baignade aupr\u00e8s de l\u2019\u00e9tablissement baln\u00e9aire \u00abBagno 99\u00bb, riche en \u00e9quipements et en commodit\u00e9s, de l\u2019espace de gymnastique au miniclub pour les enfants avec animation hebdomadaire.<\/p>\n<h3>Une ambiance relaxante<\/h3>\n<p>L\u2019h\u00f4tel Mon Pays vous offre<strong> un int\u00e9rieur r\u00e9nov\u00e9, dot\u00e9 de pi\u00e8ces \u00e9l\u00e9gantes et accueillantes<\/strong>. Asseyez-vous et d\u00e9tendez-vous dans son hall moderne, avec son bar am\u00e9ricain et sa v\u00e9randa-jardin.<\/p>\n<h3>Des vacances en famille<\/h3>\n<p>Votre famille n\u2019aura jamais \u00e9t\u00e9 aussi d\u00e9tendue qu\u2019\u00e0 Riccione! L\u2019H\u00f4tel Mon Pays est \u00e9galement consacr\u00e9 aux <strong>vacances en famille avec les enfants<\/strong>. La famille Pozzi conna\u00eet tr\u00e8s bien les n\u00e9cessit\u00e9s des enfants et des parents. Voil\u00e0 pourquoi vous pouvez y trouver toute une s\u00e9rie de services et de commodit\u00e9s qui vous y sont d\u00e9di\u00e9s.<\/p>\n","protected":false},"excerpt":{"rendered":"<p>La gestion fait la diff\u00e9rence! L\u2019H\u00f4tel Mon Pays, directement g\u00e9r\u00e9 par la famille Pozzi depuis 1965, est l\u2019h\u00f4tel fait pour vous. Les 3 g\u00e9n\u00e9rations qui s\u2019y sont succ\u00e9d\u00e9es sont la garantie de vacances sous le signe de l\u2019hospitalit\u00e9. A l\u2019h\u00f4tel, vous trouvez toujours le sourire et la gentillesse de Raffaella et de Daniela, \u00e0 votre disposition tous les jours pour r\u00e9aliser vos vacances id\u00e9ales. Une ann\u00e9e apr\u00e8s l\u2019autre, la famille &#8230;<\/p>\n","protected":false},"author":1,"featured_media":0,"parent":0,"menu_order":0,"comment_status":"closed","ping_status":"closed","template":"","meta":{"_acf_changed":false},"class_list":["post-5676","page","type-page","status-publish","hentry"],"acf":[],"_links":{"self":[{"href":"https:\/\/www.monpays.it\/fr\/wp-json\/wp\/v2\/pages\/5676","targetHints":{"allow":["GET"]}}],"collection":[{"href":"https:\/\/www.monpays.it\/fr\/wp-json\/wp\/v2\/pages"}],"about":[{"href":"https:\/\/www.monpays.it\/fr\/wp-json\/wp\/v2\/types\/page"}],"author":[{"embeddable":true,"href":"https:\/\/www.monpays.it\/fr\/wp-json\/wp\/v2\/users\/1"}],"replies":[{"embeddable":true,"href":"https:\/\/www.monpays.it\/fr\/wp-json\/wp\/v2\/comments?post=5676"}],"version-history":[{"count":0,"href":"https:\/\/www.monpays.it\/fr\/wp-json\/wp\/v2\/pages\/5676\/revisions"}],"wp:attachment":[{"href":"https:\/\/www.monpays.it\/fr\/wp-json\/wp\/v2\/media?parent=5676"}],"curies":[{"name":"wp","href":"https:\/\/api.w.org\/{rel}","templated":true}]}}